{"id":294,"date":"2016-05-10T00:59:37","date_gmt":"2016-05-09T22:59:37","guid":{"rendered":"http:\/\/blackshadowsphoto.com\/?page_id=294"},"modified":"2016-05-10T01:09:10","modified_gmt":"2016-05-09T23:09:10","slug":"mentions-legales","status":"publish","type":"page","link":"https:\/\/blackshadowsphoto.com\/en\/mentions-legales\/","title":{"rendered":"Policies"},"content":{"rendered":"<p style=\"text-align: justify;\">\u00a9\u00a0Diana Ma\u00edz C\u00e1ceres<\/p>\n<p><span style=\"color: #000000;\">Ce site et tout son contenu sont prot\u00e9g\u00e9s par le code de la propri\u00e9t\u00e9 intellectuelle et les lois internationales sur le droit d&#8217;auteur.<\/span><\/p>\n<p><span style=\"color: #000000;\">Merci de ne pas reproduire le contenu de ce site\u00a0sans\u00a0l&#8217;autorisation du Photographe.\u00a0<\/span><span style=\"color: #000000;\">La contrefa\u00e7on est un d\u00e9lit, puni de lourdes peines (Art. L335-2 du Code de la Propri\u00e9t\u00e9 intellectuelle).<\/span><\/p>\n<p><span style=\"color: #000000;\">Membre de la SAIF\u00a0(Soci\u00e9t\u00e9 des Auteurs des Arts Visuels et de l&#8217;Image Fixe) et de l&#8217;UPP &#8211; Auteurs (Union des Photographes Professionnels Auteurs).<\/span><\/p>\n<p style=\"text-align: justify;\"><em>Siret 8120772020000026<\/em><\/p>\n","protected":false},"excerpt":{"rendered":"<p>\u00a9\u00a0Diana Ma\u00edz C\u00e1ceres Ce site et tout son contenu sont prot\u00e9g\u00e9s par le code de la propri\u00e9t\u00e9 intellectuelle et les lois internationales sur le droit d&#8217;auteur. Merci de ne pas reproduire le contenu de ce site\u00a0sans\u00a0l&#8217;autorisation du Photographe.\u00a0La contrefa\u00e7on est un d\u00e9lit, puni de lourdes peines (Art. L335-2 du Code de la Propri\u00e9t\u00e9 intellectuelle). Membre [&hellip;]<\/p>\n","protected":false},"author":1,"featured_media":300,"parent":0,"menu_order":0,"comment_status":"closed","ping_status":"closed","template":"","meta":{"footnotes":""},"class_list":["post-294","page","type-page","status-publish","has-post-thumbnail","hentry"],"translation":{"provider":"WPGlobus","version":"3.0.0","language":"en","enabled_languages":["fr","en","es"],"languages":{"fr":{"title":true,"content":true,"excerpt":false},"en":{"title":true,"content":false,"excerpt":false},"es":{"title":true,"content":false,"excerpt":false}}},"_links":{"self":[{"href":"https:\/\/blackshadowsphoto.com\/en\/wp-json\/wp\/v2\/pages\/294","targetHints":{"allow":["GET"]}}],"collection":[{"href":"https:\/\/blackshadowsphoto.com\/en\/wp-json\/wp\/v2\/pages"}],"about":[{"href":"https:\/\/blackshadowsphoto.com\/en\/wp-json\/wp\/v2\/types\/page"}],"author":[{"embeddable":true,"href":"https:\/\/blackshadowsphoto.com\/en\/wp-json\/wp\/v2\/users\/1"}],"replies":[{"embeddable":true,"href":"https:\/\/blackshadowsphoto.com\/en\/wp-json\/wp\/v2\/comments?post=294"}],"version-history":[{"count":5,"href":"https:\/\/blackshadowsphoto.com\/en\/wp-json\/wp\/v2\/pages\/294\/revisions"}],"predecessor-version":[{"id":299,"href":"https:\/\/blackshadowsphoto.com\/en\/wp-json\/wp\/v2\/pages\/294\/revisions\/299"}],"wp:featuredmedia":[{"embeddable":true,"href":"https:\/\/blackshadowsphoto.com\/en\/wp-json\/wp\/v2\/media\/300"}],"wp:attachment":[{"href":"https:\/\/blackshadowsphoto.com\/en\/wp-json\/wp\/v2\/media?parent=294"}],"curies":[{"name":"wp","href":"https:\/\/api.w.org\/{rel}","templated":true}]}}